{"id":6642,"date":"2026-02-05T15:06:50","date_gmt":"2026-02-05T08:06:50","guid":{"rendered":"https:\/\/bdsnamlong.com.vn\/du-an-waterpoint-long-an\/?page_id=6642"},"modified":"2026-02-05T16:40:14","modified_gmt":"2026-02-05T09:40:14","slug":"vi-tri","status":"publish","type":"page","link":"https:\/\/bdsnamlong.com.vn\/du-an-waterpoint-long-an\/vi-tri\/","title":{"rendered":"V\u1ecb tr\u00ed"},"content":{"rendered":"<span class=\"scroll-to\" data-label=\"Scroll to: #vi-tri\" data-bullet=\"false\" data-link=\"#vi-tri\" data-title=\"vi-tri\"><a name=\"vi-tri\"><\/a><\/span>\n\t<section class=\"section\" id=\"section_1587494747\">\n\t\t<div class=\"bg section-bg fill bg-fill  bg-loaded\" >\n\n\t\t\t\n\t\t\t\n\t\t\t\n\n\t\t<\/div>\n\n\t\t\n\n\t\t<div class=\"section-content relative\">\n\t\t\t\n<div class=\"row row-full-width\"  id=\"row-1847083234\">\n\n\t<div id=\"col-188065185\" class=\"col small-12 large-12\"  >\n\t\t\t\t<div class=\"col-inner\"  >\n\t\t\t\n\t\t\t\n<h2 id=\"vi-tri\" class=\"m-section-title text-center\">V\u1ecb tr\u00ed chi\u1ebfn l\u01b0\u1ee3c v\u00e0 k\u1ebft n\u1ed1i giao th\u00f4ng c\u1ee7a <strong>D\u1ef1 \u00e1n Waterpoint<\/strong><\/h2>\n\t\t<\/div>\n\t\t\t\t\n<style>\n#col-188065185 > .col-inner {\n  padding: 5px 0px 0px 0px;\n  margin: 0px 0px -40px 0px;\n  border-radius: 63px;\n}\n<\/style>\n\t<\/div>\n\n\t\n<\/div>\n\n\t\t<div class=\"tabbed-content wtp-mbtt\">\n\t\t\t\n\t\t\t<ul class=\"nav nav-pills nav-uppercase nav-size-xlarge nav-center\" role=\"tablist\"><li id=\"tab-giao-th\u00d4ng-\u0110\u01af\u1edcng-b\u1ed8\" class=\"tab active has-icon\" role=\"presentation\"><a href=\"#tab_giao-th\u00d4ng-\u0110\u01af\u1edcng-b\u1ed8\" role=\"tab\" aria-selected=\"true\" aria-controls=\"tab_giao-th\u00d4ng-\u0110\u01af\u1edcng-b\u1ed8\"><span>GIAO TH\u00d4NG \u0110\u01af\u1edcNG B\u1ed8<\/span><\/a><\/li>\n<li id=\"tab-long-an\" class=\"tab has-icon\" role=\"presentation\"><a href=\"#tab_long-an\" tabindex=\"-1\" role=\"tab\" aria-selected=\"false\" aria-controls=\"tab_long-an\"><span>LONG AN<\/span><\/a><\/li>\n<li id=\"tab-giao-th\u00d4ng-\u0110\u01af\u1edcng-th\u1ee6y\" class=\"tab has-icon\" role=\"presentation\"><a href=\"#tab_giao-th\u00d4ng-\u0110\u01af\u1edcng-th\u1ee6y\" tabindex=\"-1\" role=\"tab\" aria-selected=\"false\" aria-controls=\"tab_giao-th\u00d4ng-\u0110\u01af\u1edcng-th\u1ee6y\"><span>GIAO TH\u00d4NG \u0110\u01af\u1edcNG TH\u1ee6Y<\/span><\/a><\/li><\/ul><div class=\"tab-panels\"><div id=\"tab_giao-th\u00d4ng-\u0110\u01af\u1edcng-b\u1ed8\" class=\"panel active entry-content\" role=\"tabpanel\" aria-labelledby=\"tab-giao-th\u00d4ng-\u0110\u01af\u1edcng-b\u1ed8\">\n<div class=\"row row-full-width\"  id=\"row-1320773311\">\n\n\t<div id=\"col-1903053786\" class=\"col small-12 large-12\"  >\n\t\t\t\t<div class=\"col-inner\"  >\n\t\t\t\n\t\t\t\n<h3 class=\"text-primary text-center\"><strong>Khu \u0111\u00f4 th\u1ecb Waterpoint<\/strong> n\u1eb1m t\u1ea1i t\u00e2m \u0111i\u1ec3m giao th\u00f4ng \u0111\u01b0\u1eddng b\u1ed9 v\u00f9ng kinh t\u1ebf tr\u1ecdng \u0111i\u1ec3m<\/h3>\n\t\t<\/div>\n\t\t\t\t\n<style>\n#col-1903053786 > .col-inner {\n  margin: 0px 0px -20px 0px;\n}\n<\/style>\n\t<\/div>\n\n\t\n\n\t<div id=\"col-1756944834\" class=\"col medium-4 small-12 large-4\"  >\n\t\t\t\t<div class=\"col-inner\"  >\n\t\t\t\n\t\t\t\n<h4 class=\"text-secondary text-center\">K\u1ebft n\u1ed1i cao t\u1ed1c TPHCM \u2013 Trung L\u01b0\u01a1ng t\u1eeb <strong>Waterpoint Long An<\/strong><\/h4>\n<p class=\"text-secondary justified-text\"><strong>D\u1ef1 \u00e1n Waterpoint (Waterpoint Long An)<\/strong> n\u1eb1m ngay m\u1eb7t ti\u1ec1n T\u1ec9nh l\u1ed9 830 (V\u00e0nh \u0111ai 4). Tuy\u1ebfn \u0111\u01b0\u1eddng n\u00e0y k\u1ebft n\u1ed1i t\u1eeb l\u1ed1i ra \u0111\u1ea7u ti\u00ean c\u1ee7a <strong>cao t\u1ed1c TPHCM \u2013 Trung L\u01b0\u01a1ng<\/strong> t\u1edbi qu\u1ed1c l\u1ed9 22 (huy\u1ec7n C\u1ee7 Chi).<\/p>\n\t\t<\/div>\n\t\t\t\t\t<\/div>\n\n\t\n\n\t<div id=\"col-2099152774\" class=\"col medium-4 small-12 large-4\"  >\n\t\t\t\t<div class=\"col-inner\"  >\n\t\t\t\n\t\t\t\n<h4 class=\"text-secondary text-center\">V\u00e0nh \u0111ai 3 v\u00e0 <strong>cao t\u1ed1c B\u1ebfn L\u1ee9c \u2013 Long Th\u00e0nh<\/strong> \u0111\u1ebfn <strong>Waterpoint<\/strong><\/h4>\n<p class=\"text-secondary justified-text\">D\u1ec5 d\u00e0ng k\u1ebft n\u1ed1i v\u1edbi <strong>\u0111\u01b0\u1eddng V\u00e0nh \u0111ai 3<\/strong>, li\u00ean k\u1ebft v\u00f9ng TPHCM, Long An, \u0110\u1ed3ng Nai, B\u00ecnh D\u01b0\u01a1ng. \u0110\u1eb7c bi\u1ec7t, Waterpoint g\u1ea7n \u0111i\u1ec3m \u0111\u1ea7u tuy\u1ebfn <strong>cao t\u1ed1c B\u1ebfn L\u1ee9c \u2013 Long Th\u00e0nh<\/strong>, k\u1ebft n\u1ed1i th\u00f4ng su\u1ed1t \u0111\u1ebfn s\u00e2n bay Long Th\u00e0nh.<\/p>\n\t\t<\/div>\n\t\t\t\t\t<\/div>\n\n\t\n\n\t<div id=\"col-385782492\" class=\"col medium-4 small-12 large-4\"  >\n\t\t\t\t<div class=\"col-inner\"  >\n\t\t\t\n\t\t\t\n<h4 class=\"text-secondary text-center\"><strong>\u0110\u1ea1i l\u1ed9 Nguy\u1ec5n V\u0103n Linh<\/strong> v\u00e0 cao t\u1ed1c: L\u1ee3i th\u1ebf giao th\u00f4ng c\u1ee7a <strong>D\u1ef1 \u00e1n Waterpoint<\/strong><\/h4>\n<p class=\"text-secondary justified-text\">Ngo\u00e0i <strong>cao t\u1ed1c B\u1ebfn L\u1ee9c \u2013 Long Th\u00e0nh<\/strong>, t\u1eeb Waterpoint c\u00f2n c\u00f3 th\u1ec3 \u0111\u1ebfn <strong>s\u00e2n bay qu\u1ed1c t\u1ebf Long Th\u00e0nh<\/strong>. Ho\u1eb7c di chuy\u1ec3n nhanh ch\u00f3ng \u0111\u1ebfn c\u00e1c t\u1ec9nh mi\u1ec1n Trung th\u00f4ng qua <strong>\u0111\u1ea1i l\u1ed9 Nguy\u1ec5n V\u0103n Linh<\/strong>, k\u1ebft n\u1ed1i <strong>cao t\u1ed1c TPHCM \u2013 Long Th\u00e0nh \u2013 D\u1ea7u Gi\u00e2y<\/strong> v\u00e0 qu\u1ed1c l\u1ed9 1A.<\/p>\n\t\t<\/div>\n\t\t\t\t\t<\/div>\n\n\t\n<\/div>\n<div class=\"row row-collapse row-full-width\"  id=\"row-1094131798\">\n\n\t<div id=\"col-193465434\" class=\"col small-12 large-12\"  >\n\t\t\t\t<div class=\"col-inner\"  >\n\t\t\t\n\t\t\t\n<p><img decoding=\"async\" loading=\"lazy\" class=\"aligncenter wp-image-6509 size-full\" src=\"https:\/\/bdsnamlong.com.vn\/du-an-waterpoint-long-an\/wp-content\/uploads\/2025\/08\/giao-thong-duong-bo-waterpoint-thoi-gian-di-chuyen.webp\" alt=\"Giao Th\u00f4ng \u0110\u01b0\u1eddng B\u1ed9 \u0110\u1ebfn D\u1ef1 \u00c1n Waterpoint - B\u1ea3n \u0110\u1ed3 Th\u1eddi Gian Di Chuy\u1ec3n\" width=\"1920\" height=\"1080\" title=\"\" srcset=\"https:\/\/bdsnamlong.com.vn\/du-an-waterpoint-long-an\/wp-content\/uploads\/2025\/08\/giao-thong-duong-bo-waterpoint-thoi-gian-di-chuyen.webp 1920w, https:\/\/bdsnamlong.com.vn\/du-an-waterpoint-long-an\/wp-content\/uploads\/2025\/08\/giao-thong-duong-bo-waterpoint-thoi-gian-di-chuyen-711x400.webp 711w, https:\/\/bdsnamlong.com.vn\/du-an-waterpoint-long-an\/wp-content\/uploads\/2025\/08\/giao-thong-duong-bo-waterpoint-thoi-gian-di-chuyen-1400x788.webp 1400w, https:\/\/bdsnamlong.com.vn\/du-an-waterpoint-long-an\/wp-content\/uploads\/2025\/08\/giao-thong-duong-bo-waterpoint-thoi-gian-di-chuyen-768x432.webp 768w, https:\/\/bdsnamlong.com.vn\/du-an-waterpoint-long-an\/wp-content\/uploads\/2025\/08\/giao-thong-duong-bo-waterpoint-thoi-gian-di-chuyen-1536x864.webp 1536w, https:\/\/bdsnamlong.com.vn\/du-an-waterpoint-long-an\/wp-content\/uploads\/2025\/08\/giao-thong-duong-bo-waterpoint-thoi-gian-di-chuyen-600x338.webp 600w\" sizes=\"auto, (max-width: 1920px) 100vw, 1920px\" \/><\/p>\n\t\t<\/div>\n\t\t\t\t\t<\/div>\n\n\t\n<\/div>\n<\/div>\n<div id=\"tab_long-an\" class=\"panel entry-content\" role=\"tabpanel\" aria-labelledby=\"tab-long-an\">\n<div class=\"row row-full-width\"  id=\"row-1004193177\">\n\n\t<div id=\"col-837054797\" class=\"col small-12 large-12\"  >\n\t\t\t\t<div class=\"col-inner\"  >\n\t\t\t\n\t\t\t\n<h3 class=\"text-primary text-center\">L\u1ee3i th\u1ebf v\u1ecb tr\u00ed c\u1ee7a <strong>D\u1ef1 \u00e1n Waterpoint (Waterpoint Nam Long) Long An<\/strong><\/h3>\n\t\t<\/div>\n\t\t\t\t\t<\/div>\n\n\t\n<\/div>\n<div class=\"row row-full-width align-middle\"  id=\"row-679248509\">\n\n\t<div id=\"col-221292657\" class=\"col small-12 large-12\"  >\n\t\t\t\t<div class=\"col-inner\"  >\n\t\t\t\n\t\t\t\n<p class=\"text-secondary justified-text\"><strong>Long An<\/strong> \u2010 m\u1ed9t trong b\u1ea3y <strong>\u0111\u00f4 th\u1ecb v\u1ec7 tinh c\u1ee7a TP.HCM<\/strong>. \u0110\u00e2y l\u00e0 t\u00e2m \u0111i\u1ec3m c\u1ee7a v\u00f9ng \u0111\u1ed9ng l\u1ef1c kinh t\u1ebf TP.HCM \u2010 \u0110\u1ed3ng b\u1eb1ng s\u00f4ng C\u1eedu Long, v\u1edbi 35 tri\u1ec7u d\u00e2n v\u00e0 65% GDP Vi\u1ec7t Nam. Waterpoint s\u1edf h\u1eefu \u201cto\u1ea1 \u0111\u1ed9 v\u00e0ng\u201d t\u1ea1i <strong>B\u1ebfn L\u1ee9c, Long An<\/strong> v\u1edbi 6 \u0111\u1ed9ng l\u1ef1c t\u0103ng gi\u00e1:<\/p>\n<ul class=\"no-list-type\" style=\"list-style-type: circle;\">\n<li><span class=\"text-secondary justified-text\">1. L\u00e0 c\u1eeda ng\u00f5 c\u1ee7a hai v\u00f9ng \u0111\u1ed9ng l\u1ef1c kinh t\u1ebf c\u1ea5p qu\u1ed1c gia.<\/span><\/li>\n<li><span class=\"text-secondary justified-text\">2. N\u1eb1m trong 7 <strong>khu \u0111\u00f4 th\u1ecb v\u1ec7 tinh<\/strong> c\u1ee7a v\u00f9ng TP. HCM.<\/span><\/li>\n<li><span class=\"text-secondary justified-text\">3. C\u1eeda ng\u00f5 <strong>B\u1eafc B\u1ebfn L\u1ee9c<\/strong>, v\u00f9ng ph\u00e1t tri\u1ec3n nh\u1ea5t Long An.<\/span><\/li>\n<li><span class=\"text-secondary justified-text\">4. N\u00fat giao th\u00f4ng \u0111\u01b0\u1eddng b\u1ed9 tr\u1ecdng \u0111i\u1ec3m.<\/span><\/li>\n<li><span class=\"text-secondary justified-text\">5. Ng\u00e3 ba s\u00f4ng k\u1ebft n\u1ed1i TP. HCM v\u00e0 mi\u1ec1n T\u00e2y.<\/span><\/li>\n<li><span class=\"text-secondary justified-text\">6. V\u1ecb tr\u00ed phong th\u1ee7y s\u1ed1 m\u1ed9t: c\u1eadn l\u1ed9, c\u1eadn giang, c\u1eadn th\u1ecb.<\/span><\/li>\n<\/ul>\n\t\t<\/div>\n\t\t\t\t\t<\/div>\n\n\t\n<\/div>\n<div class=\"row row-collapse row-full-width\"  id=\"row-1882514645\">\n\n\t<div id=\"col-769747504\" class=\"col small-12 large-12\"  >\n\t\t\t\t<div class=\"col-inner\"  >\n\t\t\t\n\t\t\t\n<p><img decoding=\"async\" loading=\"lazy\" class=\"aligncenter wp-image-6511 size-full\" src=\"https:\/\/bdsnamlong.com.vn\/du-an-waterpoint-long-an\/wp-content\/uploads\/2025\/08\/ha-tang-cao-toc-long-an-waterpoint.webp\" alt=\"H\u1ea1 T\u1ea7ng Cao T\u1ed1c \u0110i Qua Long An - K\u1ebft N\u1ed1i \u0110\u1ebfn D\u1ef1 \u00c1n Waterpoint\" width=\"1920\" height=\"1080\" title=\"\" srcset=\"https:\/\/bdsnamlong.com.vn\/du-an-waterpoint-long-an\/wp-content\/uploads\/2025\/08\/ha-tang-cao-toc-long-an-waterpoint.webp 1920w, https:\/\/bdsnamlong.com.vn\/du-an-waterpoint-long-an\/wp-content\/uploads\/2025\/08\/ha-tang-cao-toc-long-an-waterpoint-711x400.webp 711w, https:\/\/bdsnamlong.com.vn\/du-an-waterpoint-long-an\/wp-content\/uploads\/2025\/08\/ha-tang-cao-toc-long-an-waterpoint-1400x788.webp 1400w, https:\/\/bdsnamlong.com.vn\/du-an-waterpoint-long-an\/wp-content\/uploads\/2025\/08\/ha-tang-cao-toc-long-an-waterpoint-768x432.webp 768w, https:\/\/bdsnamlong.com.vn\/du-an-waterpoint-long-an\/wp-content\/uploads\/2025\/08\/ha-tang-cao-toc-long-an-waterpoint-1536x864.webp 1536w, https:\/\/bdsnamlong.com.vn\/du-an-waterpoint-long-an\/wp-content\/uploads\/2025\/08\/ha-tang-cao-toc-long-an-waterpoint-600x338.webp 600w\" sizes=\"auto, (max-width: 1920px) 100vw, 1920px\" \/><\/p>\n\t\t<\/div>\n\t\t\t\t\t<\/div>\n\n\t\n<\/div>\n<\/div>\n<div id=\"tab_giao-th\u00d4ng-\u0110\u01af\u1edcng-th\u1ee6y\" class=\"panel entry-content\" role=\"tabpanel\" aria-labelledby=\"tab-giao-th\u00d4ng-\u0110\u01af\u1edcng-th\u1ee6y\">\n<div class=\"row row-full-width\"  id=\"row-643906469\">\n\n\t<div id=\"col-1245979366\" class=\"col small-12 large-12\"  >\n\t\t\t\t<div class=\"col-inner\"  >\n\t\t\t\n\t\t\t\n<h3 class=\"text-primary text-center\">Ti\u1ec1m n\u0103ng giao th\u00f4ng \u0111\u01b0\u1eddng th\u1ee7y c\u1ee7a <strong>Khu \u0111\u00f4 th\u1ecb Waterpoint<\/strong><\/h3>\n\t\t<\/div>\n\t\t\t\t\t<\/div>\n\n\t\n\n\t<div id=\"col-47487470\" class=\"col medium-4 small-12 large-4\"  >\n\t\t\t\t<div class=\"col-inner\"  >\n\t\t\t\n\t\t\t\n<h4 class=\"text-secondary text-center\"><strong>N\u00fat giao th\u00f4ng \u0111\u01b0\u1eddng th\u1ee7y huy\u1ebft m\u1ea1ch<\/strong> t\u1ec9nh Long An: L\u1ee3i th\u1ebf c\u1ee7a <strong>D\u1ef1 \u00e1n Waterpoint<\/strong><\/h4>\n<p class=\"text-secondary justified-text\">Ng\u00e3 3 <strong>s\u00f4ng V\u00e0m C\u1ecf \u0110\u00f4ng<\/strong> l\u00e0 n\u00fat giao th\u00f4ng quan tr\u1ecdng nh\u1ea5t. N\u00f3 thu\u1ed9c h\u1ec7 th\u1ed1ng giao th\u00f4ng \u0111\u01b0\u1eddng th\u1ee7y Long An v\u00e0 c\u00e1c t\u1ec9nh \u0110BSCL.<\/p>\n\t\t<\/div>\n\t\t\t\t\t<\/div>\n\n\t\n\n\t<div id=\"col-697346753\" class=\"col medium-4 small-12 large-4\"  >\n\t\t\t\t<div class=\"col-inner\"  >\n\t\t\t\n\t\t\t\n<h4 class=\"text-secondary text-center\">K\u1ebft n\u1ed1i tr\u1ef1c ti\u1ebfp h\u1ec7 th\u1ed1ng <strong>c\u1ea3ng qu\u1ed1c t\u1ebf<\/strong> t\u1eeb <strong>Waterpoint<\/strong><\/h4>\n<p class=\"text-secondary justified-text\">D\u1ef1 \u00e1n k\u1ebft n\u1ed1i tr\u1ef1c ti\u1ebfp \u0111\u1ebfn h\u1ec7 th\u1ed1ng <strong>c\u1ea3ng qu\u1ed1c t\u1ebf<\/strong>. Bao g\u1ed3m <strong>c\u1ea3ng Long An<\/strong>, <strong>c\u1ea3ng Hi\u1ec7p Ph\u01b0\u1edbc<\/strong>, <strong>C\u00e1t L\u00e1i<\/strong> v\u00e0 <strong>C\u00e1i M\u00e9p \u2013 Th\u1ecb V\u1ea3i<\/strong>\u2026<\/p>\n\t\t<\/div>\n\t\t\t\t\t<\/div>\n\n\t\n\n\t<div id=\"col-42119828\" class=\"col medium-4 small-12 large-4\"  >\n\t\t\t\t<div class=\"col-inner\"  >\n\t\t\t\n\t\t\t\n<h4 class=\"text-secondary text-center\">T\u00e2m \u0111i\u1ec3m giao th\u01b0\u01a1ng \u0111\u01b0\u1eddng th\u1ee7y <strong>\u0110\u1ed3ng b\u1eb1ng s\u00f4ng C\u1eedu Long<\/strong> v\u1edbi <strong>Waterpoint<\/strong><\/h4>\n<p class=\"text-secondary justified-text\">D\u1ef1 \u00e1n k\u1ebft n\u1ed1i tr\u1ef1c ti\u1ebfp \u0111i c\u00e1c t\u1ec9nh th\u00e0nh \u0110BSCL, TPHCM, T\u00e2y Ninh v\u00e0 sang Campuchia\u2026<\/p>\n\t\t<\/div>\n\t\t\t\t\t<\/div>\n\n\t\n<\/div>\n<div class=\"row row-collapse row-full-width\"  id=\"row-1237236332\">\n\n\t<div id=\"col-83455350\" class=\"col small-12 large-12\"  >\n\t\t\t\t<div class=\"col-inner\"  >\n\t\t\t\n\t\t\t\n<p><img decoding=\"async\" loading=\"lazy\" class=\"aligncenter wp-image-6510 size-full\" src=\"https:\/\/bdsnamlong.com.vn\/du-an-waterpoint-long-an\/wp-content\/uploads\/2025\/08\/giao-thong-duong-thuy-waterpoint-lo-trinh.webp\" alt=\"Giao Th\u00f4ng \u0110\u01b0\u1eddng Th\u1ee7y \u0110\u1ebfn D\u1ef1 \u00c1n Waterpoint - L\u1ed9 Tr\u00ecnh &#038; Th\u1eddi Gian Di Chuy\u1ec3n\" width=\"1920\" height=\"1080\" title=\"\" srcset=\"https:\/\/bdsnamlong.com.vn\/du-an-waterpoint-long-an\/wp-content\/uploads\/2025\/08\/giao-thong-duong-thuy-waterpoint-lo-trinh.webp 1920w, https:\/\/bdsnamlong.com.vn\/du-an-waterpoint-long-an\/wp-content\/uploads\/2025\/08\/giao-thong-duong-thuy-waterpoint-lo-trinh-711x400.webp 711w, https:\/\/bdsnamlong.com.vn\/du-an-waterpoint-long-an\/wp-content\/uploads\/2025\/08\/giao-thong-duong-thuy-waterpoint-lo-trinh-1400x788.webp 1400w, https:\/\/bdsnamlong.com.vn\/du-an-waterpoint-long-an\/wp-content\/uploads\/2025\/08\/giao-thong-duong-thuy-waterpoint-lo-trinh-768x432.webp 768w, https:\/\/bdsnamlong.com.vn\/du-an-waterpoint-long-an\/wp-content\/uploads\/2025\/08\/giao-thong-duong-thuy-waterpoint-lo-trinh-1536x864.webp 1536w, https:\/\/bdsnamlong.com.vn\/du-an-waterpoint-long-an\/wp-content\/uploads\/2025\/08\/giao-thong-duong-thuy-waterpoint-lo-trinh-600x338.webp 600w\" sizes=\"auto, (max-width: 1920px) 100vw, 1920px\" \/><\/p>\n\t\t<\/div>\n\t\t\t\t\t<\/div>\n\n\t\n<\/div>\n<\/div><\/div><\/div>\n\t\t<\/div>\n\n\t\t\n<style>\n#section_1587494747 {\n  padding-top: 30px;\n  padding-bottom: 30px;\n}\n#section_1587494747 .ux-shape-divider--top svg {\n  height: 150px;\n  --divider-top-width: 100%;\n}\n#section_1587494747 .ux-shape-divider--bottom svg {\n  height: 150px;\n  --divider-width: 100%;\n}\n@media (min-width:550px) {\n  #section_1587494747 {\n    padding-top: 5px;\n    padding-bottom: 5px;\n  }\n}\n<\/style>\n\t<\/section>\n\t\n<div class=\"row row-collapse row-full-width\"  id=\"row-1861414790\">\n\n\n\t<div id=\"col-1260247739\" class=\"col small-12 large-12\"  >\n\t\t\t\t<div class=\"col-inner\"  >\n\t\t\t\n\t\t\t\n\n<p class=\"text-center\"><span style=\"color: #ffffff;\">Xem th\u00eam: <a style=\"color: #ffffff;\" href=\"https:\/\/bdsnamlong.com.vn\/du-an-waterpoint-long-an\/du-an-waterpoint-long-an\/biet-thu-the-pearl\/\">Ph\u00e2n khu The Pearl <\/a>\/ <a style=\"color: #ffffff;\" href=\"https:\/\/bdsnamlong.com.vn\/du-an-waterpoint-long-an\/#tong-quan\">T\u1ed5ng Quan<\/a>\/ <a style=\"color: #ffffff;\" href=\"https:\/\/bdsnamlong.com.vn\/du-an-waterpoint-long-an\/vi-tri\">V\u1ecb tr\u00ed<\/a>\u00a0\/ <a style=\"color: #ffffff;\" href=\"https:\/\/bdsnamlong.com.vn\/du-an-waterpoint-long-an\/mat-bang\">M\u1eb7t b\u1eb1ng<\/a>\u00a0\/ <a style=\"color: #ffffff;\" href=\"https:\/\/bdsnamlong.com.vn\/du-an-waterpoint-long-an\/tien-ich\">Ti\u1ec7n \u00edch<\/a> \/ <a style=\"color: #ffffff;\" href=\"https:\/\/bdsnamlong.com.vn\/du-an-waterpoint-long-an\/#san-pham\">S\u1ea3n ph\u1ea9m<\/a>\u00a0\/ <a style=\"color: #ffffff;\" href=\"https:\/\/bdsnamlong.com.vn\/du-an-waterpoint-long-an\/video\/\">Video<\/a> \/ <a style=\"color: #ffffff;\" href=\"https:\/\/bdsnamlong.com.vn\/du-an-waterpoint-long-an\/phuong-thuc-thanh-toan\/\">L\u1ecbch thanh to\u00e1n<\/a>\u00a0\/ <a style=\"color: #ffffff;\" href=\"https:\/\/bdsnamlong.com.vn\/du-an-waterpoint-long-an\/#tien-do-waterpoint\">Ti\u1ebfn \u0111\u1ed9 XD<\/a>\u00a0\/ <a style=\"color: #ffffff;\" href=\"#lien-he\">Li\u00ean h\u1ec7<\/a> \/<\/span><\/p>\n\n\t\t<\/div>\n\t\t\t\t\n<style>\n#col-1260247739 > .col-inner {\n  margin: 0px 0px -20px 0px;\n}\n<\/style>\n\t<\/div>\n\n\t\n\n\n<style>\n#row-1861414790 > .col > .col-inner {\n  background-color: rgb(0, 51, 102);\n}\n<\/style>\n<\/div>\n\t<section class=\"section section-bg3\" id=\"section_1138962773\">\n\t\t<div class=\"bg section-bg fill bg-fill  bg-loaded\" >\n\n\t\t\t\n\t\t\t\n\t\t\t\n\n\t\t<\/div>\n\n\t\t\n\n\t\t<div class=\"section-content relative\">\n\t\t\t\n\n<div class=\"row align-equal align-center\"  id=\"row-566828751\">\n\n\n\t<div id=\"col-785319726\" class=\"col vien-cot bg-card-commitment medium-6 small-12 large-6\"  data-animate=\"fadeInDown\">\n\t\t\t\t<div class=\"col-inner box-shadow-4 box-shadow-2-hover\" style=\"background-color:rgba(255, 255, 255, 0.843);\" >\n\t\t\t\n\t\t\t\n\n<h4 class=\"m-section-title text-center h4-commitment\">Cam K\u1ebft T\u1eeb Ch\u00fang T\u00f4i<\/h4>\n<p class=\"text-secondary\"><strong>\u2705 Lu\u00f4n b\u1ea3o m\u1eadt th\u00f4ng tin qu\u00fd kh\u00e1ch h\u00e0ng.<\/strong><\/p>\n<p class=\"text-secondary\"><strong>\u2705 Am hi\u1ec3u th\u1ecb tr\u01b0\u1eddng, ph\u00e2n t\u00edch \"T\u1ed1i \u01b0u h\u00f3a l\u1ee3i nhu\u1eadn\" cho kh\u00e1ch h\u00e0ng<\/strong><\/p>\n<p class=\"text-secondary\"><strong>\u2705 H\u1ed7 tr\u1ee3 l\u1ea5y nh\u1eefng \"C\u0103n c\u00f3 view \u0111\u1eb9p\" t\u1ea1i d\u1ef1 \u00e1n.<\/strong><\/p>\n<p class=\"text-secondary\"><strong>\u2705 Cam k\u1ebft \"Gi\u00e1 g\u1ed1c + \u01afu \u0111\u00e3i + Khuy\u1ebfn m\u00e3i\".<\/strong><\/p>\n<p class=\"text-secondary\"><strong>\u2705 C\u00e1ch l\u00e0m vi\u1ec7c \"Chuy\u00ean nghi\u1ec7p - Uy t\u00edn - T\u1eadn t\u00e2m - Tr\u00e1ch nhi\u1ec7m v\u00ec kh\u00e1ch h\u00e0ng\"<\/strong><\/p>\n<p class=\"text-secondary\"><strong>\u2705 Lu\u00f4n \u0111\u1ed3ng h\u00e0nh c\u00f9ng kh\u00e1ch h\u00e0ng \"Tr\u01b0\u1edbc v\u00e0 Sau\" b\u00e1n h\u00e0ng.<\/strong><\/p>\n\n\n\t\t<\/div>\n\t\t\t\t\n<style>\n#col-785319726 > .col-inner {\n  padding: 15px 20px 15px 20px;\n}\n<\/style>\n\t<\/div>\n\n\t\n\n\t<div id=\"col-759909076\" class=\"col vien-cot bg-card-commitment medium-6 small-12 large-6\"  data-animate=\"fadeInDown\">\n\t\t\t\t<div class=\"col-inner text-center box-shadow-4 box-shadow-2-hover\" style=\"background-color:rgba(255, 255, 255, 0.843);\" >\n\t\t\t\n\t\t\t\n\n<span class=\"scroll-to\" data-label=\"Scroll to: #dang-ky\" data-bullet=\"false\" data-link=\"#dang-ky\" data-title=\"Change this\"><a name=\"dang-ky\"><\/a><\/span>\n\n<h4 id=\"contact\" class=\"m-section-title text-center h4-commitment\">\u0110\u0103ng K\u00fd T\u01b0 V\u1ea5n Mi\u1ec5n Ph\u00ed<\/h4>\n\n<div class=\"wpcf7 no-js\" id=\"wpcf7-f10-o1\" lang=\"vi\" dir=\"ltr\" data-wpcf7-id=\"10\">\n<div class=\"screen-reader-response\"><p role=\"status\" aria-live=\"polite\" aria-atomic=\"true\"><\/p> <ul><\/ul><\/div>\n<form action=\"\/du-an-waterpoint-long-an\/wp-json\/wp\/v2\/pages\/6642#wpcf7-f10-o1\" method=\"post\" class=\"wpcf7-form init\" aria-label=\"Form li\u00ean h\u1ec7\" novalidate=\"novalidate\" data-status=\"init\">\n<fieldset class=\"hidden-fields-container\"><input type=\"hidden\" name=\"_wpcf7\" value=\"10\" \/><input type=\"hidden\" name=\"_wpcf7_version\" value=\"6.1.5\" \/><input type=\"hidden\" name=\"_wpcf7_locale\" value=\"vi\" \/><input type=\"hidden\" name=\"_wpcf7_unit_tag\" value=\"wpcf7-f10-o1\" \/><input type=\"hidden\" name=\"_wpcf7_container_post\" value=\"0\" \/><input type=\"hidden\" name=\"_wpcf7_posted_data_hash\" value=\"\" \/>\n<\/fieldset>\n<p><span class=\"wpcf7-form-control-wrap\" data-name=\"your-name\"><input size=\"40\" maxlength=\"400\" class=\"wpcf7-form-control wpcf7-text wpcf7-validates-as-required\" aria-required=\"true\" aria-invalid=\"false\" placeholder=\"H\u1ecd V\u00e0 T\u00ean (*)\" value=\"\" type=\"text\" name=\"your-name\" \/><\/span><br \/>\n<span class=\"wpcf7-form-control-wrap\" data-name=\"your-tel\"><input size=\"40\" maxlength=\"400\" class=\"wpcf7-form-control wpcf7-tel wpcf7-validates-as-required wpcf7-text wpcf7-validates-as-tel\" aria-required=\"true\" aria-invalid=\"false\" placeholder=\"S\u1ed1 \u0110i\u1ec7n Tho\u1ea1i (*)\" value=\"\" type=\"tel\" name=\"your-tel\" \/><\/span><br \/>\n<span class=\"wpcf7-form-control-wrap\" data-name=\"your-email\"><input size=\"40\" maxlength=\"400\" class=\"wpcf7-form-control wpcf7-email wpcf7-text wpcf7-validates-as-email\" aria-invalid=\"false\" placeholder=\"Email\" value=\"\" type=\"email\" name=\"your-email\" \/><\/span><br \/>\n<span class=\"wpcf7-form-control-wrap\" data-name=\"your-message\"><textarea cols=\"40\" rows=\"10\" maxlength=\"2000\" class=\"wpcf7-form-control wpcf7-textarea\" aria-invalid=\"false\" placeholder=\"N\u1ed9i dung tin nh\u1eafn\" name=\"your-message\"><\/textarea><\/span><br \/>\n<input class=\"wpcf7-form-control wpcf7-submit has-spinner\" type=\"submit\" value=\"B\u1ea5m g\u1eedi\" \/>\n<\/p><input type='hidden' class='wpcf7-pum' value='{\"closepopup\":false,\"closedelay\":0,\"openpopup\":false,\"openpopup_id\":0}' \/><div class=\"wpcf7-response-output\" aria-hidden=\"true\"><\/div>\n<\/form>\n<\/div>\n\n\n\n\t\t<\/div>\n\t\t\t\t\t<\/div>\n\n\t\n\n<\/div>\n\n\t\t<\/div>\n\n\t\t\n<style>\n#section_1138962773 {\n  padding-top: 30px;\n  padding-bottom: 30px;\n}\n#section_1138962773 .ux-shape-divider--top svg {\n  height: 150px;\n  --divider-top-width: 100%;\n}\n#section_1138962773 .ux-shape-divider--bottom svg {\n  height: 150px;\n  --divider-width: 100%;\n}\n<\/style>\n\t<\/section>\n\t\n","protected":false},"excerpt":{"rendered":"","protected":false},"author":1,"featured_media":0,"parent":0,"menu_order":0,"comment_status":"closed","ping_status":"closed","template":"page-blank.php","meta":{"footnotes":""},"class_list":["post-6642","page","type-page","status-publish","hentry"],"_links":{"self":[{"href":"https:\/\/bdsnamlong.com.vn\/du-an-waterpoint-long-an\/wp-json\/wp\/v2\/pages\/6642","targetHints":{"allow":["GET"]}}],"collection":[{"href":"https:\/\/bdsnamlong.com.vn\/du-an-waterpoint-long-an\/wp-json\/wp\/v2\/pages"}],"about":[{"href":"https:\/\/bdsnamlong.com.vn\/du-an-waterpoint-long-an\/wp-json\/wp\/v2\/types\/page"}],"author":[{"embeddable":true,"href":"https:\/\/bdsnamlong.com.vn\/du-an-waterpoint-long-an\/wp-json\/wp\/v2\/users\/1"}],"replies":[{"embeddable":true,"href":"https:\/\/bdsnamlong.com.vn\/du-an-waterpoint-long-an\/wp-json\/wp\/v2\/comments?post=6642"}],"version-history":[{"count":3,"href":"https:\/\/bdsnamlong.com.vn\/du-an-waterpoint-long-an\/wp-json\/wp\/v2\/pages\/6642\/revisions"}],"predecessor-version":[{"id":6697,"href":"https:\/\/bdsnamlong.com.vn\/du-an-waterpoint-long-an\/wp-json\/wp\/v2\/pages\/6642\/revisions\/6697"}],"wp:attachment":[{"href":"https:\/\/bdsnamlong.com.vn\/du-an-waterpoint-long-an\/wp-json\/wp\/v2\/media?parent=6642"}],"curies":[{"name":"wp","href":"https:\/\/api.w.org\/{rel}","templated":true}]}}