{"id":6649,"date":"2026-02-05T15:12:27","date_gmt":"2026-02-05T08:12:27","guid":{"rendered":"https:\/\/bdsnamlong.com.vn\/du-an-waterpoint-long-an\/?page_id=6649"},"modified":"2026-02-05T16:41:58","modified_gmt":"2026-02-05T09:41:58","slug":"mat-bang","status":"publish","type":"page","link":"https:\/\/bdsnamlong.com.vn\/du-an-waterpoint-long-an\/mat-bang\/","title":{"rendered":"M\u1eb7t b\u1eb1ng"},"content":{"rendered":"<span class=\"scroll-to\" data-label=\"Scroll to: #mat-bang\" data-bullet=\"false\" data-link=\"#mat-bang\" data-title=\"mat bang\"><a name=\"mat-bang\"><\/a><\/span>\n\t<section class=\"section\" id=\"section_1132743089\">\n\t\t<div class=\"bg section-bg fill bg-fill  bg-loaded\" >\n\n\t\t\t\n\t\t\t\n\t\t\t\n\n\t\t<\/div>\n\n\t\t\n\n\t\t<div class=\"section-content relative\">\n\t\t\t\n<div class=\"row row-collapse row-full-width align-center\"  id=\"row-1288993802\">\n\n\t<div id=\"col-1299366151\" class=\"col nb small-12 large-12\"  >\n\t\t\t\t<div class=\"col-inner\"  >\n\t\t\t\n\t\t\t\n<h2 id=\"mat-bang-phan-khu\" class=\"m-section-title text-center\">M\u1eb7t b\u1eb1ng ph\u00e2n khu <strong>D\u1ef1 \u00e1n Waterpoint (Khu \u0111\u00f4 th\u1ecb Waterpoint)<\/strong> \u0111ang m\u1edf b\u00e1n<\/h2>\n<h3 class=\"text-secondary\" style=\"text-align: center;\">Ch\u1ee7 \u0111\u1ea7u t\u01b0 Nam Long \u0111ang m\u1edf b\u00e1n 4 ph\u00e2n khu ch\u00ednh c\u1ee7a <strong>Waterpoint<\/strong> l\u00e0: Aquaria, Rivera, Park Village v\u00e0 The Pearl<\/h3>\n\t\t<\/div>\n\t\t\t\t\t<\/div>\n\n\t\n<\/div>\n<div class=\"row row-collapse row-full-width align-center\"  id=\"row-1319887652\">\n\n\t<div id=\"col-93016563\" class=\"col small-12 large-12\"  >\n\t\t\t\t<div class=\"col-inner\"  >\n\t\t\t\n\t\t\t\n\n\t\t<div class=\"tabbed-content wtp-mbtt\">\n\t\t\t\n\t\t\t<ul class=\"nav nav-pills nav-normal nav-size-normal nav-center\" role=\"tablist\"><li id=\"tab-ph\u00e2n-khu-rivera\" class=\"tab active has-icon\" role=\"presentation\"><a href=\"#tab_ph\u00e2n-khu-rivera\" role=\"tab\" aria-selected=\"true\" aria-controls=\"tab_ph\u00e2n-khu-rivera\"><span>Ph\u00e2n khu Rivera<\/span><\/a><\/li>\n<li id=\"tab-ph\u00e2n-khu-aquaria\" class=\"tab has-icon\" role=\"presentation\"><a href=\"#tab_ph\u00e2n-khu-aquaria\" tabindex=\"-1\" role=\"tab\" aria-selected=\"false\" aria-controls=\"tab_ph\u00e2n-khu-aquaria\"><span>Ph\u00e2n khu Aquaria<\/span><\/a><\/li>\n<li id=\"tab-ph\u00e2n-khu-park-village\" class=\"tab has-icon\" role=\"presentation\"><a href=\"#tab_ph\u00e2n-khu-park-village\" tabindex=\"-1\" role=\"tab\" aria-selected=\"false\" aria-controls=\"tab_ph\u00e2n-khu-park-village\"><span>Ph\u00e2n khu Park Village<\/span><\/a><\/li>\n<li id=\"tab-ph\u00e2n-khu-the-pearl\" class=\"tab has-icon\" role=\"presentation\"><a href=\"#tab_ph\u00e2n-khu-the-pearl\" tabindex=\"-1\" role=\"tab\" aria-selected=\"false\" aria-controls=\"tab_ph\u00e2n-khu-the-pearl\"><span>Ph\u00e2n khu The Pearl<\/span><\/a><\/li><\/ul><div class=\"tab-panels\"><div id=\"tab_ph\u00e2n-khu-rivera\" class=\"panel active entry-content\" role=\"tabpanel\" aria-labelledby=\"tab-ph\u00e2n-khu-rivera\">\n<p><img decoding=\"async\" loading=\"lazy\" class=\"wp-image-6520 size-full aligncenter\" src=\"https:\/\/bdsnamlong.com.vn\/du-an-waterpoint-long-an\/wp-content\/uploads\/2025\/08\/mat-bang-phan-khu-rivera-waterpoint-quy-hoach.webp\" alt=\"M\u1eb7t B\u1eb1ng T\u1ed5ng Th\u1ec3 Ph\u00e2n Khu Rivera D\u1ef1 \u00c1n Waterpoint - S\u01a1 \u0110\u1ed3 Quy Ho\u1ea1ch\" width=\"1920\" height=\"1199\" title=\"\" srcset=\"https:\/\/bdsnamlong.com.vn\/du-an-waterpoint-long-an\/wp-content\/uploads\/2025\/08\/mat-bang-phan-khu-rivera-waterpoint-quy-hoach.webp 1920w, https:\/\/bdsnamlong.com.vn\/du-an-waterpoint-long-an\/wp-content\/uploads\/2025\/08\/mat-bang-phan-khu-rivera-waterpoint-quy-hoach-641x400.webp 641w, https:\/\/bdsnamlong.com.vn\/du-an-waterpoint-long-an\/wp-content\/uploads\/2025\/08\/mat-bang-phan-khu-rivera-waterpoint-quy-hoach-1281x800.webp 1281w, https:\/\/bdsnamlong.com.vn\/du-an-waterpoint-long-an\/wp-content\/uploads\/2025\/08\/mat-bang-phan-khu-rivera-waterpoint-quy-hoach-768x480.webp 768w, https:\/\/bdsnamlong.com.vn\/du-an-waterpoint-long-an\/wp-content\/uploads\/2025\/08\/mat-bang-phan-khu-rivera-waterpoint-quy-hoach-1536x959.webp 1536w, https:\/\/bdsnamlong.com.vn\/du-an-waterpoint-long-an\/wp-content\/uploads\/2025\/08\/mat-bang-phan-khu-rivera-waterpoint-quy-hoach-600x375.webp 600w\" sizes=\"auto, (max-width: 1920px) 100vw, 1920px\" \/><\/p>\n<\/div>\n<div id=\"tab_ph\u00e2n-khu-aquaria\" class=\"panel entry-content\" role=\"tabpanel\" aria-labelledby=\"tab-ph\u00e2n-khu-aquaria\">\n<p><img decoding=\"async\" loading=\"lazy\" class=\"aligncenter wp-image-6519 size-full\" src=\"https:\/\/bdsnamlong.com.vn\/du-an-waterpoint-long-an\/wp-content\/uploads\/2025\/08\/mat-bang-phan-khu-aquaria-waterpoint-quy-hoach.webp\" alt=\"M\u1eb7t B\u1eb1ng T\u1ed5ng Th\u1ec3 Ph\u00e2n Khu Aquaria D\u1ef1 \u00c1n Waterpoint - S\u01a1 \u0110\u1ed3 Quy Ho\u1ea1ch Chi Ti\u1ebft\" width=\"1920\" height=\"1207\" title=\"\" srcset=\"https:\/\/bdsnamlong.com.vn\/du-an-waterpoint-long-an\/wp-content\/uploads\/2025\/08\/mat-bang-phan-khu-aquaria-waterpoint-quy-hoach.webp 1920w, https:\/\/bdsnamlong.com.vn\/du-an-waterpoint-long-an\/wp-content\/uploads\/2025\/08\/mat-bang-phan-khu-aquaria-waterpoint-quy-hoach-636x400.webp 636w, https:\/\/bdsnamlong.com.vn\/du-an-waterpoint-long-an\/wp-content\/uploads\/2025\/08\/mat-bang-phan-khu-aquaria-waterpoint-quy-hoach-1273x800.webp 1273w, https:\/\/bdsnamlong.com.vn\/du-an-waterpoint-long-an\/wp-content\/uploads\/2025\/08\/mat-bang-phan-khu-aquaria-waterpoint-quy-hoach-768x483.webp 768w, https:\/\/bdsnamlong.com.vn\/du-an-waterpoint-long-an\/wp-content\/uploads\/2025\/08\/mat-bang-phan-khu-aquaria-waterpoint-quy-hoach-1536x966.webp 1536w, https:\/\/bdsnamlong.com.vn\/du-an-waterpoint-long-an\/wp-content\/uploads\/2025\/08\/mat-bang-phan-khu-aquaria-waterpoint-quy-hoach-600x377.webp 600w\" sizes=\"auto, (max-width: 1920px) 100vw, 1920px\" \/><\/p>\n<\/div>\n<div id=\"tab_ph\u00e2n-khu-park-village\" class=\"panel entry-content\" role=\"tabpanel\" aria-labelledby=\"tab-ph\u00e2n-khu-park-village\">\n<p><img decoding=\"async\" loading=\"lazy\" class=\"wp-image-6521 size-full aligncenter\" src=\"https:\/\/bdsnamlong.com.vn\/du-an-waterpoint-long-an\/wp-content\/uploads\/2025\/08\/mat-bang-tong-the-tien-ich-phan-khu-park-village-waterpoint.webp\" alt=\"M\u1eb7t B\u1eb1ng T\u1ed5ng Th\u1ec3 &amp; Ti\u1ec7n \u00cdch Ph\u00e2n Khu Park Village Waterpoint - Khu Bi\u1ec7t Th\u1ef1 S\u00f4ng - D\u1ef1 \u00e1n Waterpoint\" width=\"1920\" height=\"1440\" title=\"\" srcset=\"https:\/\/bdsnamlong.com.vn\/du-an-waterpoint-long-an\/wp-content\/uploads\/2025\/08\/mat-bang-tong-the-tien-ich-phan-khu-park-village-waterpoint.webp 1920w, https:\/\/bdsnamlong.com.vn\/du-an-waterpoint-long-an\/wp-content\/uploads\/2025\/08\/mat-bang-tong-the-tien-ich-phan-khu-park-village-waterpoint-533x400.webp 533w, https:\/\/bdsnamlong.com.vn\/du-an-waterpoint-long-an\/wp-content\/uploads\/2025\/08\/mat-bang-tong-the-tien-ich-phan-khu-park-village-waterpoint-1067x800.webp 1067w, https:\/\/bdsnamlong.com.vn\/du-an-waterpoint-long-an\/wp-content\/uploads\/2025\/08\/mat-bang-tong-the-tien-ich-phan-khu-park-village-waterpoint-768x576.webp 768w, https:\/\/bdsnamlong.com.vn\/du-an-waterpoint-long-an\/wp-content\/uploads\/2025\/08\/mat-bang-tong-the-tien-ich-phan-khu-park-village-waterpoint-1536x1152.webp 1536w, https:\/\/bdsnamlong.com.vn\/du-an-waterpoint-long-an\/wp-content\/uploads\/2025\/08\/mat-bang-tong-the-tien-ich-phan-khu-park-village-waterpoint-600x450.webp 600w\" sizes=\"auto, (max-width: 1920px) 100vw, 1920px\" \/><\/p>\n<\/div>\n<div id=\"tab_ph\u00e2n-khu-the-pearl\" class=\"panel entry-content\" role=\"tabpanel\" aria-labelledby=\"tab-ph\u00e2n-khu-the-pearl\">\n<p><img decoding=\"async\" loading=\"lazy\" class=\"wp-image-6526 size-full aligncenter\" src=\"https:\/\/bdsnamlong.com.vn\/du-an-waterpoint-long-an\/wp-content\/uploads\/2025\/08\/mat-bang-vi-tri-biet-thu-the-pearl-waterpoint-chi-tiet-cac-loai.webp\" alt=\"Waterpoint The Pearl: M\u1eb7t B\u1eb1ng Chi Ti\u1ebft V\u1ecb Tr\u00ed Bi\u1ec7t Th\u1ef1 Canal, River &amp; Garden Villa - D\u1ef1 \u00e1n Waterpoint\" width=\"1920\" height=\"1080\" title=\"\"><\/p>\n<\/div><\/div><\/div>\n\t\t<\/div>\n\t\t\t\t\t<\/div>\n\n\t\n<\/div>\n\t\t<\/div>\n\n\t\t\n<style>\n#section_1132743089 {\n  padding-top: 5px;\n  padding-bottom: 5px;\n  margin-bottom: 0px;\n}\n#section_1132743089 .ux-shape-divider--top svg {\n  height: 150px;\n  --divider-top-width: 100%;\n}\n#section_1132743089 .ux-shape-divider--bottom svg {\n  height: 150px;\n  --divider-width: 100%;\n}\n<\/style>\n\t<\/section>\n\t\n<div class=\"row row-collapse row-full-width\"  id=\"row-1988770734\">\n\n\n\t<div id=\"col-1125428028\" class=\"col small-12 large-12\"  >\n\t\t\t\t<div class=\"col-inner\"  >\n\t\t\t\n\t\t\t\n\n<p class=\"text-center\"><span style=\"color: #ffffff;\">Xem th\u00eam: <a style=\"color: #ffffff;\" href=\"https:\/\/bdsnamlong.com.vn\/du-an-waterpoint-long-an\/du-an-waterpoint-long-an\/biet-thu-the-pearl\/\">Ph\u00e2n khu The Pearl <\/a>\/ <a style=\"color: #ffffff;\" href=\"https:\/\/bdsnamlong.com.vn\/du-an-waterpoint-long-an\/#tong-quan\">T\u1ed5ng Quan<\/a>\/ <a style=\"color: #ffffff;\" href=\"https:\/\/bdsnamlong.com.vn\/du-an-waterpoint-long-an\/vi-tri\">V\u1ecb tr\u00ed<\/a>\u00a0\/ <a style=\"color: #ffffff;\" href=\"https:\/\/bdsnamlong.com.vn\/du-an-waterpoint-long-an\/mat-bang\">M\u1eb7t b\u1eb1ng<\/a>\u00a0\/ <a style=\"color: #ffffff;\" href=\"https:\/\/bdsnamlong.com.vn\/du-an-waterpoint-long-an\/tien-ich\">Ti\u1ec7n \u00edch<\/a> \/ <a style=\"color: #ffffff;\" href=\"https:\/\/bdsnamlong.com.vn\/du-an-waterpoint-long-an\/#san-pham\">S\u1ea3n ph\u1ea9m<\/a>\u00a0\/ <a style=\"color: #ffffff;\" href=\"https:\/\/bdsnamlong.com.vn\/du-an-waterpoint-long-an\/video\/\">Video<\/a> \/ <a style=\"color: #ffffff;\" href=\"https:\/\/bdsnamlong.com.vn\/du-an-waterpoint-long-an\/phuong-thuc-thanh-toan\/\">L\u1ecbch thanh to\u00e1n<\/a>\u00a0\/ <a style=\"color: #ffffff;\" href=\"https:\/\/bdsnamlong.com.vn\/du-an-waterpoint-long-an\/#tien-do-waterpoint\">Ti\u1ebfn \u0111\u1ed9 XD<\/a>\u00a0\/ <a style=\"color: #ffffff;\" href=\"#lien-he\">Li\u00ean h\u1ec7<\/a> \/<\/span><\/p>\n\n\t\t<\/div>\n\t\t\t\t\n<style>\n#col-1125428028 > .col-inner {\n  margin: 0px 0px -20px 0px;\n}\n<\/style>\n\t<\/div>\n\n\t\n\n\n<style>\n#row-1988770734 > .col > .col-inner {\n  background-color: rgb(0, 51, 102);\n}\n<\/style>\n<\/div>\n\t<section class=\"section section-bg3\" id=\"section_580441313\">\n\t\t<div class=\"bg section-bg fill bg-fill  bg-loaded\" >\n\n\t\t\t\n\t\t\t\n\t\t\t\n\n\t\t<\/div>\n\n\t\t\n\n\t\t<div class=\"section-content relative\">\n\t\t\t\n\n<div class=\"row align-equal align-center\"  id=\"row-1288730524\">\n\n\n\t<div id=\"col-1510540997\" class=\"col vien-cot bg-card-commitment medium-6 small-12 large-6\"  data-animate=\"fadeInDown\">\n\t\t\t\t<div class=\"col-inner box-shadow-4 box-shadow-2-hover\" style=\"background-color:rgba(255, 255, 255, 0.843);\" >\n\t\t\t\n\t\t\t\n\n<h4 class=\"m-section-title text-center h4-commitment\">Cam K\u1ebft T\u1eeb Ch\u00fang T\u00f4i<\/h4>\n<p class=\"text-secondary\"><strong>\u2705 Lu\u00f4n b\u1ea3o m\u1eadt th\u00f4ng tin qu\u00fd kh\u00e1ch h\u00e0ng.<\/strong><\/p>\n<p class=\"text-secondary\"><strong>\u2705 Am hi\u1ec3u th\u1ecb tr\u01b0\u1eddng, ph\u00e2n t\u00edch \"T\u1ed1i \u01b0u h\u00f3a l\u1ee3i nhu\u1eadn\" cho kh\u00e1ch h\u00e0ng<\/strong><\/p>\n<p class=\"text-secondary\"><strong>\u2705 H\u1ed7 tr\u1ee3 l\u1ea5y nh\u1eefng \"C\u0103n c\u00f3 view \u0111\u1eb9p\" t\u1ea1i d\u1ef1 \u00e1n.<\/strong><\/p>\n<p class=\"text-secondary\"><strong>\u2705 Cam k\u1ebft \"Gi\u00e1 g\u1ed1c + \u01afu \u0111\u00e3i + Khuy\u1ebfn m\u00e3i\".<\/strong><\/p>\n<p class=\"text-secondary\"><strong>\u2705 C\u00e1ch l\u00e0m vi\u1ec7c \"Chuy\u00ean nghi\u1ec7p - Uy t\u00edn - T\u1eadn t\u00e2m - Tr\u00e1ch nhi\u1ec7m v\u00ec kh\u00e1ch h\u00e0ng\"<\/strong><\/p>\n<p class=\"text-secondary\"><strong>\u2705 Lu\u00f4n \u0111\u1ed3ng h\u00e0nh c\u00f9ng kh\u00e1ch h\u00e0ng \"Tr\u01b0\u1edbc v\u00e0 Sau\" b\u00e1n h\u00e0ng.<\/strong><\/p>\n\n\n\t\t<\/div>\n\t\t\t\t\n<style>\n#col-1510540997 > .col-inner {\n  padding: 15px 20px 15px 20px;\n}\n<\/style>\n\t<\/div>\n\n\t\n\n\t<div id=\"col-5421477\" class=\"col vien-cot bg-card-commitment medium-6 small-12 large-6\"  data-animate=\"fadeInDown\">\n\t\t\t\t<div class=\"col-inner text-center box-shadow-4 box-shadow-2-hover\" style=\"background-color:rgba(255, 255, 255, 0.843);\" >\n\t\t\t\n\t\t\t\n\n<span class=\"scroll-to\" data-label=\"Scroll to: #dang-ky\" data-bullet=\"false\" data-link=\"#dang-ky\" data-title=\"Change this\"><a name=\"dang-ky\"><\/a><\/span>\n\n<h4 id=\"contact\" class=\"m-section-title text-center h4-commitment\">\u0110\u0103ng K\u00fd T\u01b0 V\u1ea5n Mi\u1ec5n Ph\u00ed<\/h4>\n\n<div class=\"wpcf7 no-js\" id=\"wpcf7-f10-o1\" lang=\"vi\" dir=\"ltr\" data-wpcf7-id=\"10\">\n<div class=\"screen-reader-response\"><p role=\"status\" aria-live=\"polite\" aria-atomic=\"true\"><\/p> <ul><\/ul><\/div>\n<form action=\"\/du-an-waterpoint-long-an\/wp-json\/wp\/v2\/pages\/6649#wpcf7-f10-o1\" method=\"post\" class=\"wpcf7-form init\" aria-label=\"Form li\u00ean h\u1ec7\" novalidate=\"novalidate\" data-status=\"init\">\n<fieldset class=\"hidden-fields-container\"><input type=\"hidden\" name=\"_wpcf7\" value=\"10\" \/><input type=\"hidden\" name=\"_wpcf7_version\" value=\"6.1.5\" \/><input type=\"hidden\" name=\"_wpcf7_locale\" value=\"vi\" \/><input type=\"hidden\" name=\"_wpcf7_unit_tag\" value=\"wpcf7-f10-o1\" \/><input type=\"hidden\" name=\"_wpcf7_container_post\" value=\"0\" \/><input type=\"hidden\" name=\"_wpcf7_posted_data_hash\" value=\"\" \/>\n<\/fieldset>\n<p><span class=\"wpcf7-form-control-wrap\" data-name=\"your-name\"><input size=\"40\" maxlength=\"400\" class=\"wpcf7-form-control wpcf7-text wpcf7-validates-as-required\" aria-required=\"true\" aria-invalid=\"false\" placeholder=\"H\u1ecd V\u00e0 T\u00ean (*)\" value=\"\" type=\"text\" name=\"your-name\" \/><\/span><br \/>\n<span class=\"wpcf7-form-control-wrap\" data-name=\"your-tel\"><input size=\"40\" maxlength=\"400\" class=\"wpcf7-form-control wpcf7-tel wpcf7-validates-as-required wpcf7-text wpcf7-validates-as-tel\" aria-required=\"true\" aria-invalid=\"false\" placeholder=\"S\u1ed1 \u0110i\u1ec7n Tho\u1ea1i (*)\" value=\"\" type=\"tel\" name=\"your-tel\" \/><\/span><br \/>\n<span class=\"wpcf7-form-control-wrap\" data-name=\"your-email\"><input size=\"40\" maxlength=\"400\" class=\"wpcf7-form-control wpcf7-email wpcf7-text wpcf7-validates-as-email\" aria-invalid=\"false\" placeholder=\"Email\" value=\"\" type=\"email\" name=\"your-email\" \/><\/span><br \/>\n<span class=\"wpcf7-form-control-wrap\" data-name=\"your-message\"><textarea cols=\"40\" rows=\"10\" maxlength=\"2000\" class=\"wpcf7-form-control wpcf7-textarea\" aria-invalid=\"false\" placeholder=\"N\u1ed9i dung tin nh\u1eafn\" name=\"your-message\"><\/textarea><\/span><br \/>\n<input class=\"wpcf7-form-control wpcf7-submit has-spinner\" type=\"submit\" value=\"B\u1ea5m g\u1eedi\" \/>\n<\/p><input type='hidden' class='wpcf7-pum' value='{\"closepopup\":false,\"closedelay\":0,\"openpopup\":false,\"openpopup_id\":0}' \/><div class=\"wpcf7-response-output\" aria-hidden=\"true\"><\/div>\n<\/form>\n<\/div>\n\n\n\n\t\t<\/div>\n\t\t\t\t\t<\/div>\n\n\t\n\n<\/div>\n\n\t\t<\/div>\n\n\t\t\n<style>\n#section_580441313 {\n  padding-top: 30px;\n  padding-bottom: 30px;\n}\n#section_580441313 .ux-shape-divider--top svg {\n  height: 150px;\n  --divider-top-width: 100%;\n}\n#section_580441313 .ux-shape-divider--bottom svg {\n  height: 150px;\n  --divider-width: 100%;\n}\n<\/style>\n\t<\/section>\n\t\n","protected":false},"excerpt":{"rendered":"","protected":false},"author":1,"featured_media":0,"parent":0,"menu_order":0,"comment_status":"closed","ping_status":"closed","template":"page-blank.php","meta":{"footnotes":""},"class_list":["post-6649","page","type-page","status-publish","hentry"],"_links":{"self":[{"href":"https:\/\/bdsnamlong.com.vn\/du-an-waterpoint-long-an\/wp-json\/wp\/v2\/pages\/6649","targetHints":{"allow":["GET"]}}],"collection":[{"href":"https:\/\/bdsnamlong.com.vn\/du-an-waterpoint-long-an\/wp-json\/wp\/v2\/pages"}],"about":[{"href":"https:\/\/bdsnamlong.com.vn\/du-an-waterpoint-long-an\/wp-json\/wp\/v2\/types\/page"}],"author":[{"embeddable":true,"href":"https:\/\/bdsnamlong.com.vn\/du-an-waterpoint-long-an\/wp-json\/wp\/v2\/users\/1"}],"replies":[{"embeddable":true,"href":"https:\/\/bdsnamlong.com.vn\/du-an-waterpoint-long-an\/wp-json\/wp\/v2\/comments?post=6649"}],"version-history":[{"count":3,"href":"https:\/\/bdsnamlong.com.vn\/du-an-waterpoint-long-an\/wp-json\/wp\/v2\/pages\/6649\/revisions"}],"predecessor-version":[{"id":6699,"href":"https:\/\/bdsnamlong.com.vn\/du-an-waterpoint-long-an\/wp-json\/wp\/v2\/pages\/6649\/revisions\/6699"}],"wp:attachment":[{"href":"https:\/\/bdsnamlong.com.vn\/du-an-waterpoint-long-an\/wp-json\/wp\/v2\/media?parent=6649"}],"curies":[{"name":"wp","href":"https:\/\/api.w.org\/{rel}","templated":true}]}}